{"id":1897,"date":"2021-10-16T15:24:59","date_gmt":"2021-10-16T13:24:59","guid":{"rendered":"https:\/\/kineosteo.es\/avis-legal\/"},"modified":"2026-02-17T10:20:38","modified_gmt":"2026-02-17T09:20:38","slug":"avis-legal","status":"publish","type":"page","link":"https:\/\/kineosteo.es\/ca\/avis-legal\/","title":{"rendered":"Av\u00eds legal"},"content":{"rendered":"\t\t<div data-elementor-type=\"wp-page\" data-elementor-id=\"1897\" class=\"elementor elementor-1897 elementor-57\" data-elementor-post-type=\"page\">\n\t\t\t\t<div class=\"elementor-element elementor-element-664f328 e-flex e-con-boxed e-con e-parent\" data-id=\"664f328\" data-element_type=\"container\" data-e-type=\"container\">\n\t\t\t\t\t<div class=\"e-con-inner\">\n\t\t\t\t<div class=\"elementor-element elementor-element-c026941 elementor-widget elementor-widget-text-editor\" data-id=\"c026941\" data-element_type=\"widget\" data-e-type=\"widget\" data-widget_type=\"text-editor.default\">\n\t\t\t\t<div class=\"elementor-widget-container\">\n\t\t\t\t\t\t\t\t\t<p><strong>AV\u00cdS LEGAL<\/strong><\/p><p>Aquest Av\u00eds Legal t\u00e9 l\u2019objectiu d\u2019informar-vos dels vostres drets i obligacions com a usuari d\u2019aquest lloc web. Aqu\u00ed trobareu tota la informaci\u00f3 que necessiteu sobre aquest lloc web, la seva activitat, les dades personals que recapta i la seva finalitat, aix\u00ed com les normes d\u2019\u00fas que regulen l\u2019\u00fas d\u2019aquest web. <\/p><p>En el moment en qu\u00e8 accediu a aquest lloc web  <strong><\/strong>, assumiu la condici\u00f3 d\u2019usuari, per la qual cosa el contingut d\u2019aquest Av\u00eds Legal us afecta directament. Per aix\u00f2, \u00e9s important que el llegiu per dissipar qualsevol dubte que pugueu tenir i tenir coneixement de causa sobre les condicions que esteu acceptant. <\/p><p>Per comen\u00e7ar, heu de saber que aquest lloc web compleix amb les normatives vigents en mat\u00e8ria de protecci\u00f3 de dades, amb l\u2019objectiu d\u2019aportar-vos les garanties, la seguretat i la transpar\u00e8ncia que, com a usuari, us corresponen en utilitzar aquest web.<\/p><ul><li><strong>El RGPD<\/strong> (Reglament (UE) 2016\/679 del Parlament Europeu i del Consell de 27 d\u2019abril de 2016 relatiu a la protecci\u00f3 de les persones f\u00edsiques), que unifica la regulaci\u00f3 del tractament de les dades personals en els diferents pa\u00efsos de la UE.<\/li><li><strong>La LOPDGDD<\/strong> (Llei Org\u00e0nica 3\/2018, de 5 de desembre, de Protecci\u00f3 de Dades Personals i garantia dels drets digitals), que regula el tractament de les dades personals i les obligacions que hem d\u2019assumir els responsables d\u2019un web o un blog en gestionar aquesta informaci\u00f3.<\/li><li><strong>La LSSI<\/strong> (Llei 34\/2002, d\u201911 de juliol, de Serveis de la Societat de la Informaci\u00f3 i Comer\u00e7 Electr\u00f2nic), que regula les transaccions econ\u00f2miques mitjan\u00e7ant mitjans electr\u00f2nics.<\/li><\/ul><h3>DADES D\u2019IDENTIFICACI\u00d3<\/h3><p>El responsable i titular d\u2019aquest lloc web \u00e9s <strong><\/strong>:<\/p><ul><li><strong>Nom:<\/strong> <\/li><li><strong>NIF:<\/strong> <\/li><li><strong>Domicili Social:<\/strong> <\/li><li><strong>Activitat del lloc web:<\/strong> Distribuci\u00f3 de contingut relacionat amb <strong><\/strong>, mostra de publicitat, i recomanaci\u00f3 de productes d\u2019afiliat.<\/li><li><strong>Correu electr\u00f2nic:<\/strong> <\/li><\/ul><p>Les dades que ens faciliteu amb el vostre consentiment, i d\u2019acord amb l\u2019\u00fas establert en la nostra Pol\u00edtica de Privadesa, seran incorporades a un fitxer automatitzat, el responsable del qual \u00e9s  <strong><\/strong>. Aix\u00f2 garanteix que les vostres dades estan segures i protegides conforme a la llei.<\/p><h3>NORMES D\u2019ACC\u00c9S AL LLOC WEB<\/h3><p>Com a usuari del nostre web, tamb\u00e9 teniu una s\u00e8rie d\u2019obligacions:<\/p><ul><li>No podreu utilitzar aquest lloc web per a activitats contr\u00e0ries a les lleis, a la moral, a l\u2019ordre p\u00fablic ni per a usos contraris al que s\u2019expressa en aquest Av\u00eds Legal.<\/li><li>No podreu realitzar activitats publicit\u00e0ries o d\u2019explotaci\u00f3 comercial utilitzant identitats falses.<\/li><li>Sereu l\u2019\u00fanic responsable de la veracitat i exactitud dels continguts que introdu\u00efu en aquest web i de les dades personals que ens faciliteu amb les finalitats previstes en la nostra Pol\u00edtica de Privadesa.<\/li><li>Tamb\u00e9 sereu responsable de qualsevol actuaci\u00f3 il\u00b7l\u00edcita, lesiva de drets, nociva i\/o perjudicial en llocs de tercers als quals us puguem redirigir.<\/li><\/ul><p><strong><\/strong>  podr\u00e0 interrompre el servei de la p\u00e0gina i resoldre la relaci\u00f3 amb l\u2019usuari si detecta un \u00fas indegut del web.<\/p><h3>PROPIETAT INTEL\u00b7LECTUAL I INDUSTRIAL<\/h3><p>La totalitat d\u2019aquest lloc web (text, imatges, marques, gr\u00e0fics, logotips, botons, arxius de programari, combinacions de colors, aix\u00ed com l\u2019estructura, selecci\u00f3, ordenaci\u00f3 i presentaci\u00f3 dels seus continguts) es troba protegida per les lleis vigents sobre Propietat Intel\u00b7lectual i Industrial.<\/p><p>Queda prohibida la seva reproducci\u00f3, distribuci\u00f3, comunicaci\u00f3 p\u00fablica i transformaci\u00f3, excepte per a \u00fas personal i privat.<\/p><p><strong><\/strong>  no garanteix que els continguts siguin precisos o lliures d\u2019error. El bon o mal \u00fas d\u2019aquesta p\u00e0gina i dels seus continguts \u00e9s responsabilitat de l\u2019usuari. <\/p><h3>ENLLA\u00c7OS O LINKS<\/h3><p>Aquest lloc web inclou enlla\u00e7os a llocs de tercers. Aquestes p\u00e0gines no han estat revisades ni s\u00f3n objecte de controls per part nostra, per la qual cosa   <strong><\/strong>  no ser\u00e0 responsable dels continguts, pol\u00edtiques de privadesa ni mesures adoptades per aquests tercers.<\/p><p>Us recomanem llegir detingudament les condicions d\u2019\u00fas i pol\u00edtiques d\u2019aquests llocs abans d\u2019utilitzar-los.<\/p><h3>ENLLA\u00c7OS D\u2019AFILIACI\u00d3 D\u2019AMAZON<\/h3><p>Aquest lloc web utilitza enlla\u00e7os d\u2019afiliat d\u2019Amazon. Aix\u00f2 significa que trobareu enlla\u00e7os a productes d\u2019Amazon que podreu adquirir sota les seves pr\u00f2pies condicions d\u2019\u00fas. <\/p><h3>LIMITACI\u00d3 DE RESPONSABILITAT<\/h3><p><strong><\/strong>  no es fa responsable de:<\/p><ul><li>La qualitat, velocitat i continu\u00eftat del servei.<\/li><li>L\u2019exist\u00e8ncia de virus, malware o programes maliciosos en els continguts.<\/li><li>L\u2019\u00fas il\u00b7l\u00edcit o negligent del web.<\/li><li>La falta de licitud, qualitat, fiabilitat o utilitat dels serveis proporcionats per tercers.<\/li><li>Els danys que puguin derivar-se de l\u2019\u00fas il\u00b7legal d\u2019aquest web.<\/li><\/ul><h3>POL\u00cdTICA DE PRIVADESA I PROTECCI\u00d3 DE DADES<\/h3><p>Aquest lloc web compleix amb la normativa vigent en mat\u00e8ria de protecci\u00f3 de dades. Com a usuari, haureu de donar el vostre consentiment expr\u00e9s abans de facilitar dades personals a trav\u00e9s dels formularis disponibles al web. Tota la informaci\u00f3 al respecte est\u00e0 disponible en la nostra <strong>Pol\u00edtica de Privadesa<\/strong>.  <\/p><h3>POL\u00cdTICA DE COOKIES<\/h3><p>Aquest lloc web utilitza cookies pr\u00f2pies i de tercers. Podeu configurar el vostre navegador per rebutjar l\u2019\u00fas de cookies. Per a m\u00e9s informaci\u00f3, consulteu la nostra <strong>Pol\u00edtica de Cookies<\/strong>.  <\/p><h3>LEGISLACI\u00d3 APLICABLE I JURISDICCI\u00d3 COMPETENT<\/h3><p>El present Av\u00eds Legal es troba sotm\u00e8s a la legislaci\u00f3 espanyola vigent. Qualsevol controv\u00e8rsia ser\u00e0 sotmesa als Jutjats i Tribunals del domicili de l\u2019usuari. Si l\u2019usuari resideix fora d\u2019Espanya, les parts se sotmeten als Jutjats i Tribunals de Barcelona (Espanya).  <\/p><p>Si teniu qualsevol dubte, podeu enviar-nos un correu electr\u00f2nic a <strong><\/strong>.<\/p>\t\t\t\t\t\t\t\t<\/div>\n\t\t\t\t<\/div>\n\t\t\t\t\t<\/div>\n\t\t\t\t<\/div>\n\t\t\t\t<\/div>\n\t\t","protected":false},"excerpt":{"rendered":"<p>AV\u00cdS LEGAL Aquest Av\u00eds Legal t\u00e9 l\u2019objectiu d\u2019informar-vos dels vostres drets i obligacions com a usuari d\u2019aquest lloc web. Aqu\u00ed trobareu tota la informaci\u00f3 que necessiteu sobre aquest lloc web, la seva activitat, les dades personals que recapta i la seva finalitat, aix\u00ed com les normes d\u2019\u00fas que regulen l\u2019\u00fas d\u2019aquest web. En el moment [&hellip;]<\/p>\n","protected":false},"author":2,"featured_media":0,"parent":0,"menu_order":0,"comment_status":"closed","ping_status":"closed","template":"elementor_header_footer","meta":{"_acf_changed":false,"inline_featured_image":false,"_joinchat":[],"footnotes":""},"class_list":["post-1897","page","type-page","status-publish","hentry"],"acf":[],"yoast_head":"<!-- This site is optimized with the Yoast SEO plugin v27.4 - https:\/\/yoast.com\/product\/yoast-seo-wordpress\/ -->\n<title>\u25b7Av\u00eds legal - \u3010 kineosteo \u3011<\/title>\n<meta name=\"description\" content=\"AV\u00cdS LEGALAquest Av\u00eds Legal t\u00e9 l&#039;objectiu d&#039;informar-vos dels vostres drets i obligacions com a usuari d&#039;aquest lloc web. Aqu\u00ed trobareu tota la informaci\u00f3 \u2713\" \/>\n<meta name=\"robots\" content=\"noindex, nofollow\" \/>\n<meta property=\"og:locale\" content=\"ca_ES\" \/>\n<meta property=\"og:type\" content=\"article\" \/>\n<meta property=\"og:title\" content=\"\u25b7Av\u00eds legal - \u3010 kineosteo \u3011\" \/>\n<meta property=\"og:description\" content=\"AV\u00cdS LEGALAquest Av\u00eds Legal t\u00e9 l&#039;objectiu d&#039;informar-vos dels vostres drets i obligacions com a usuari d&#039;aquest lloc web. Aqu\u00ed trobareu tota la informaci\u00f3 \u2713\" \/>\n<meta property=\"og:url\" content=\"https:\/\/kineosteo.es\/ca\/avis-legal\/\" \/>\n<meta property=\"og:site_name\" content=\"kineosteo\" \/>\n<meta property=\"article:modified_time\" content=\"2026-02-17T09:20:38+00:00\" \/>\n<meta name=\"twitter:card\" content=\"summary_large_image\" \/>\n<meta name=\"twitter:label1\" content=\"Temps estimat de lectura\" \/>\n\t<meta name=\"twitter:data1\" content=\"5 minuts\" \/>\n<script type=\"application\/ld+json\" class=\"yoast-schema-graph\">{\"@context\":\"https:\\\/\\\/schema.org\",\"@graph\":[{\"@type\":\"WebPage\",\"@id\":\"https:\\\/\\\/kineosteo.es\\\/ca\\\/avis-legal\\\/\",\"url\":\"https:\\\/\\\/kineosteo.es\\\/ca\\\/avis-legal\\\/\",\"name\":\"\u25b7Av\u00eds legal - \u3010 kineosteo \u3011\",\"isPartOf\":{\"@id\":\"https:\\\/\\\/kineosteo.es\\\/ca\\\/#website\"},\"datePublished\":\"2021-10-16T13:24:59+00:00\",\"dateModified\":\"2026-02-17T09:20:38+00:00\",\"description\":\"AV\u00cdS LEGALAquest Av\u00eds Legal t\u00e9 l'objectiu d'informar-vos dels vostres drets i obligacions com a usuari d'aquest lloc web. Aqu\u00ed trobareu tota la informaci\u00f3 \u2713\",\"breadcrumb\":{\"@id\":\"https:\\\/\\\/kineosteo.es\\\/ca\\\/avis-legal\\\/#breadcrumb\"},\"inLanguage\":\"ca\",\"potentialAction\":[{\"@type\":\"ReadAction\",\"target\":[\"https:\\\/\\\/kineosteo.es\\\/ca\\\/avis-legal\\\/\"]}]},{\"@type\":\"BreadcrumbList\",\"@id\":\"https:\\\/\\\/kineosteo.es\\\/ca\\\/avis-legal\\\/#breadcrumb\",\"itemListElement\":[{\"@type\":\"ListItem\",\"position\":1,\"name\":\"Portada\",\"item\":\"https:\\\/\\\/kineosteo.es\\\/ca\\\/\"},{\"@type\":\"ListItem\",\"position\":2,\"name\":\"Av\u00eds legal\"}]},{\"@type\":\"WebSite\",\"@id\":\"https:\\\/\\\/kineosteo.es\\\/ca\\\/#website\",\"url\":\"https:\\\/\\\/kineosteo.es\\\/ca\\\/\",\"name\":\"kineosteo\",\"description\":\"Fisioter\u00e0pia, Osteopatia i Readaptaci\u00f3 Esportiva\",\"publisher\":{\"@id\":\"https:\\\/\\\/kineosteo.es\\\/ca\\\/#organization\"},\"potentialAction\":[{\"@type\":\"SearchAction\",\"target\":{\"@type\":\"EntryPoint\",\"urlTemplate\":\"https:\\\/\\\/kineosteo.es\\\/ca\\\/?s={search_term_string}\"},\"query-input\":{\"@type\":\"PropertyValueSpecification\",\"valueRequired\":true,\"valueName\":\"search_term_string\"}}],\"inLanguage\":\"ca\"},{\"@type\":\"Organization\",\"@id\":\"https:\\\/\\\/kineosteo.es\\\/ca\\\/#organization\",\"name\":\"kineosteo\",\"url\":\"https:\\\/\\\/kineosteo.es\\\/ca\\\/\",\"logo\":{\"@type\":\"ImageObject\",\"inLanguage\":\"ca\",\"@id\":\"https:\\\/\\\/kineosteo.es\\\/ca\\\/#\\\/schema\\\/logo\\\/image\\\/\",\"url\":\"https:\\\/\\\/kineosteo.es\\\/wp-content\\\/uploads\\\/2026\\\/01\\\/logo-blanco-2-1.svg\",\"contentUrl\":\"https:\\\/\\\/kineosteo.es\\\/wp-content\\\/uploads\\\/2026\\\/01\\\/logo-blanco-2-1.svg\",\"width\":300,\"height\":54,\"caption\":\"kineosteo\"},\"image\":{\"@id\":\"https:\\\/\\\/kineosteo.es\\\/ca\\\/#\\\/schema\\\/logo\\\/image\\\/\"}}]}<\/script>\n<!-- \/ Yoast SEO plugin. -->","yoast_head_json":{"title":"\u25b7Av\u00eds legal - \u3010 kineosteo \u3011","description":"AV\u00cdS LEGALAquest Av\u00eds Legal t\u00e9 l'objectiu d'informar-vos dels vostres drets i obligacions com a usuari d'aquest lloc web. Aqu\u00ed trobareu tota la informaci\u00f3 \u2713","robots":{"index":"noindex","follow":"nofollow"},"og_locale":"ca_ES","og_type":"article","og_title":"\u25b7Av\u00eds legal - \u3010 kineosteo \u3011","og_description":"AV\u00cdS LEGALAquest Av\u00eds Legal t\u00e9 l'objectiu d'informar-vos dels vostres drets i obligacions com a usuari d'aquest lloc web. Aqu\u00ed trobareu tota la informaci\u00f3 \u2713","og_url":"https:\/\/kineosteo.es\/ca\/avis-legal\/","og_site_name":"kineosteo","article_modified_time":"2026-02-17T09:20:38+00:00","twitter_card":"summary_large_image","twitter_misc":{"Temps estimat de lectura":"5 minuts"},"schema":{"@context":"https:\/\/schema.org","@graph":[{"@type":"WebPage","@id":"https:\/\/kineosteo.es\/ca\/avis-legal\/","url":"https:\/\/kineosteo.es\/ca\/avis-legal\/","name":"\u25b7Av\u00eds legal - \u3010 kineosteo \u3011","isPartOf":{"@id":"https:\/\/kineosteo.es\/ca\/#website"},"datePublished":"2021-10-16T13:24:59+00:00","dateModified":"2026-02-17T09:20:38+00:00","description":"AV\u00cdS LEGALAquest Av\u00eds Legal t\u00e9 l'objectiu d'informar-vos dels vostres drets i obligacions com a usuari d'aquest lloc web. Aqu\u00ed trobareu tota la informaci\u00f3 \u2713","breadcrumb":{"@id":"https:\/\/kineosteo.es\/ca\/avis-legal\/#breadcrumb"},"inLanguage":"ca","potentialAction":[{"@type":"ReadAction","target":["https:\/\/kineosteo.es\/ca\/avis-legal\/"]}]},{"@type":"BreadcrumbList","@id":"https:\/\/kineosteo.es\/ca\/avis-legal\/#breadcrumb","itemListElement":[{"@type":"ListItem","position":1,"name":"Portada","item":"https:\/\/kineosteo.es\/ca\/"},{"@type":"ListItem","position":2,"name":"Av\u00eds legal"}]},{"@type":"WebSite","@id":"https:\/\/kineosteo.es\/ca\/#website","url":"https:\/\/kineosteo.es\/ca\/","name":"kineosteo","description":"Fisioter\u00e0pia, Osteopatia i Readaptaci\u00f3 Esportiva","publisher":{"@id":"https:\/\/kineosteo.es\/ca\/#organization"},"potentialAction":[{"@type":"SearchAction","target":{"@type":"EntryPoint","urlTemplate":"https:\/\/kineosteo.es\/ca\/?s={search_term_string}"},"query-input":{"@type":"PropertyValueSpecification","valueRequired":true,"valueName":"search_term_string"}}],"inLanguage":"ca"},{"@type":"Organization","@id":"https:\/\/kineosteo.es\/ca\/#organization","name":"kineosteo","url":"https:\/\/kineosteo.es\/ca\/","logo":{"@type":"ImageObject","inLanguage":"ca","@id":"https:\/\/kineosteo.es\/ca\/#\/schema\/logo\/image\/","url":"https:\/\/kineosteo.es\/wp-content\/uploads\/2026\/01\/logo-blanco-2-1.svg","contentUrl":"https:\/\/kineosteo.es\/wp-content\/uploads\/2026\/01\/logo-blanco-2-1.svg","width":300,"height":54,"caption":"kineosteo"},"image":{"@id":"https:\/\/kineosteo.es\/ca\/#\/schema\/logo\/image\/"}}]}},"_links":{"self":[{"href":"https:\/\/kineosteo.es\/ca\/wp-json\/wp\/v2\/pages\/1897","targetHints":{"allow":["GET"]}}],"collection":[{"href":"https:\/\/kineosteo.es\/ca\/wp-json\/wp\/v2\/pages"}],"about":[{"href":"https:\/\/kineosteo.es\/ca\/wp-json\/wp\/v2\/types\/page"}],"author":[{"embeddable":true,"href":"https:\/\/kineosteo.es\/ca\/wp-json\/wp\/v2\/users\/2"}],"replies":[{"embeddable":true,"href":"https:\/\/kineosteo.es\/ca\/wp-json\/wp\/v2\/comments?post=1897"}],"version-history":[{"count":1,"href":"https:\/\/kineosteo.es\/ca\/wp-json\/wp\/v2\/pages\/1897\/revisions"}],"predecessor-version":[{"id":1898,"href":"https:\/\/kineosteo.es\/ca\/wp-json\/wp\/v2\/pages\/1897\/revisions\/1898"}],"wp:attachment":[{"href":"https:\/\/kineosteo.es\/ca\/wp-json\/wp\/v2\/media?parent=1897"}],"curies":[{"name":"wp","href":"https:\/\/api.w.org\/{rel}","templated":true}]}}