{"id":1882,"date":"2021-10-14T15:46:36","date_gmt":"2021-10-14T13:46:36","guid":{"rendered":"https:\/\/kineosteo.es\/politica-de-privadesa\/"},"modified":"2026-02-17T10:19:58","modified_gmt":"2026-02-17T09:19:58","slug":"politica-de-privadesa","status":"publish","type":"page","link":"https:\/\/kineosteo.es\/ca\/politica-de-privadesa\/","title":{"rendered":"Pol\u00edtica de privadesa"},"content":{"rendered":"\t\t<div data-elementor-type=\"wp-page\" data-elementor-id=\"1882\" class=\"elementor elementor-1882 elementor-38\" data-elementor-post-type=\"page\">\n\t\t\t\t<div class=\"elementor-element elementor-element-f7951c3 e-flex e-con-boxed e-con e-parent\" data-id=\"f7951c3\" data-element_type=\"container\" data-e-type=\"container\">\n\t\t\t\t\t<div class=\"e-con-inner\">\n\t\t\t\t<div class=\"elementor-element elementor-element-38da3dd elementor-widget elementor-widget-text-editor\" data-id=\"38da3dd\" data-element_type=\"widget\" data-e-type=\"widget\" data-widget_type=\"text-editor.default\">\n\t\t\t\t<div class=\"elementor-widget-container\">\n\t\t\t\t\t\t\t\t\t<p><strong>POL\u00cdTICA DE PRIVADESA<\/strong><\/p><p>Si sou aqu\u00ed \u00e9s perqu\u00e8 voleu saber m\u00e9s sobre les obligacions i drets que us corresponen com a usuari d\u2019aquest web <strong><\/strong> i aix\u00f2 est\u00e0 molt b\u00e9. El nostre deure \u00e9s informar-vos i el vostre estar degudament informat.<\/p><p>En aquesta Pol\u00edtica de Privadesa us informarem amb total transpar\u00e8ncia sobre la finalitat d\u2019aquest lloc web i tot el que afecta les dades que ens faciliteu, aix\u00ed com de les obligacions i drets que us corresponen.<\/p><p>Per comen\u00e7ar, heu de saber que aquest lloc web s\u2019adapta a la normativa vigent en relaci\u00f3 amb la protecci\u00f3 de dades, la qual cosa afecta les dades personals que ens faciliteu amb el vostre consentiment expr\u00e9s i les galetes que utilitzem perqu\u00e8 aquest lloc web funcioni correctament i pugui desenvolupar la seva activitat.<\/p><p>Concretament, aquest web s\u2019ajusta al compliment de les seg\u00fcents normatives:<\/p><ul><li><strong>El RGPD<\/strong> (Reglament (UE) 2016\/679 del Parlament Europeu i del Consell de 27 d\u2019abril de 2016 relatiu a la protecci\u00f3 de les persones f\u00edsiques), que unifica la regulaci\u00f3 del tractament de les dades personals en els diferents pa\u00efsos de la UE.<\/li><li><strong>La LOPDGDD<\/strong> (Llei Org\u00e0nica 3\/2018, de 5 de desembre, de Protecci\u00f3 de Dades Personals i garantia dels drets digitals), que adapta la normativa espanyola al RGPD i regula drets digitals.<\/li><li><strong>La LSSI<\/strong> (Llei 34\/2002, d\u201911 de juliol, de Serveis de la Societat de la Informaci\u00f3 i Comer\u00e7 Electr\u00f2nic), que regula les transaccions econ\u00f2miques mitjan\u00e7ant mitjans electr\u00f2nics, com \u00e9s el cas d\u2019aquest blog.<\/li><\/ul><p><strong>DADES D\u2019IDENTIFICACI\u00d3<\/strong><\/p><p>El responsable i titular d\u2019aquest lloc web \u00e9s <strong><\/strong>:<\/p><ul><li><strong>Nom:<\/strong> <\/li><li><strong>NIF:<\/strong> <\/li><li><strong>Domicili Social:<\/strong> <\/li><li><strong>Activitat del lloc web:<\/strong> Distribuci\u00f3 de contingut relacionat amb <strong><\/strong>, mostra de publicitat, i recomanaci\u00f3 de productes d\u2019afiliat.<\/li><li><strong>Correu electr\u00f2nic:<\/strong><\/li><\/ul><p>Les dades que ens faciliteu amb el vostre consentiment, i d\u2019acord amb l\u2019\u00fas establert en la nostra Pol\u00edtica de Privadesa, s\u2019incorporaran a un fitxer automatitzat degudament inscrit a l\u2019Ag\u00e8ncia Espanyola de Protecci\u00f3 de Dades. Aix\u00f2 vol dir que les vostres dades estan segures, d\u2019acord amb el que estableix la llei. <\/p><p>Les dades personals que ens faciliteu, sempre amb el vostre consentiment expr\u00e9s, s\u2019emmagatzemaran i tractaran amb les finalitats previstes i descrites a continuaci\u00f3 en aquesta Pol\u00edtica de Privadesa, fins al moment en qu\u00e8 ens demaneu que les eliminem.<\/p><p>Us informem que aquesta Pol\u00edtica de Privadesa pot ser modificada en qualsevol moment per adaptar-la a novetats legislatives o canvis en les nostres activitats. La versi\u00f3 vigent ser\u00e0 sempre la publicada en aquest web, i qualsevol modificaci\u00f3 rellevant us ser\u00e0 notificada abans de la seva aplicaci\u00f3. <\/p><p><strong>CONDICIONS D\u2019\u00daS<\/strong><\/p><p>Heu de saber, per a la vostra tranquil\u00b7litat, que sempre us sol\u00b7licitarem el vostre consentiment expr\u00e9s per recaptar les vostres dades amb la corresponent finalitat especificada en cada cas. Aix\u00f2 implica que, en cas d\u2019atorgar aquest consentiment, heu llegit i acceptat aquesta Pol\u00edtica de Privadesa. <\/p><p>En accedir i utilitzar aquest web, assumiu la vostra condici\u00f3 d\u2019usuari amb els vostres corresponents drets i obligacions.<\/p><ul><li>Si sou major de 14 anys, podreu registrar-vos com a usuari en aquest lloc web sense el consentiment previ dels vostres pares o tutors.<\/li><li>Si sou menor de 14 anys, necessitareu el consentiment dels vostres pares o tutors per al tractament de les vostres dades personals.<\/li><\/ul><p><strong>REGISTRE I FINALITAT DE LES VOSTRES DADES<\/strong><\/p><p>En funci\u00f3 del formulari o secci\u00f3 a la qual accediu, us sol\u00b7licitarem exclusivament les dades necess\u00e0ries amb les finalitats descrites a continuaci\u00f3. En tot moment, haureu de donar el vostre consentiment expr\u00e9s quan us sol\u00b7licitem informaci\u00f3 personal per a: <\/p><ul><li>Les finalitats concretes que particularment s\u2019indiquin en cadascuna de les p\u00e0gines o seccions on aparegui el formulari de registre o contacte electr\u00f2nic.<\/li><li>Atendre les vostres sol\u00b7licituds, comentaris, consultes o qualsevol tipus de petici\u00f3 que realitzeu com a usuari a trav\u00e9s de qualsevol de les formes de contacte disponibles.<\/li><li>Informar-vos sobre consultes, activitats, productes, novetats i\/o serveis per diversos mitjans electr\u00f2nics o f\u00edsics.<\/li><li>Enviar-vos comunicacions comercials relacionades amb els nostres productes, serveis o promocions, aix\u00ed com aquells productes o serveis que puguem considerar del vostre inter\u00e8s oferts per col\u00b7laboradors o &#8220;partners&#8221; amb qui mantinguem acords de promoci\u00f3.<\/li><\/ul><p>Aquestes comunicacions seran realitzades sempre per Nom empresa, sense que tercers tinguin acc\u00e9s a les vostres dades personals.<\/p><p><strong>EXACTITUD I VERACITAT DE LES DADES<\/strong><\/p><p>Com a usuari, sou responsable de la veracitat i actualitzaci\u00f3 de les dades que proporcioneu. Accepteu proporcionar informaci\u00f3 completa i correcta en els formularis de contacte o subscripci\u00f3. <\/p><p><strong>BAIXES DE SUBSCRIPCI\u00d3 I DRET DE REVOCACI\u00d3<\/strong><\/p><p>Com a titular de les dades, podreu exercir en qualsevol moment els vostres drets d\u2019acc\u00e9s, rectificaci\u00f3, cancel\u00b7laci\u00f3 i oposici\u00f3 enviant un correu electr\u00f2nic a <strong><\/strong> adjuntant una c\u00f2pia del vostre document d\u2019identitat com a prova v\u00e0lida.<\/p><p><strong>ACC\u00c9S A DADES PER COMPTE DE TERCERS<\/strong><\/p><p>Per prestar serveis necessaris, compartim dades amb:<\/p><ul><li><strong>Dinahosting SL<\/strong>, prove\u00efdor d\u2019hosting. M\u00e9s informaci\u00f3 a <a href=\"https:\/\/dinahosting.com\/legal\/proteccion-datos\">https:\/\/dinahosting.com\/legal\/proteccion-datos<\/a>. <\/li><li><strong>Google Analytics<\/strong>: Analitza l\u2019\u00fas del lloc web. Consulteu la seva pol\u00edtica de privadesa a <a href=\"https:\/\/www.google.com\/intl\/es\/policies\/privacy\/\">https:\/\/www.google.com\/intl\/es\/policies\/privacy\/<\/a>. <\/li><li><strong>Google Adsense<\/strong>: Publica anuncis personalitzats. Consulteu la seva pol\u00edtica a <a href=\"https:\/\/www.google.com\/intl\/es\/policies\/privacy\/\">https:\/\/www.google.com\/intl\/es\/policies\/privacy\/<\/a>. <\/li><\/ul><p><strong>MESURES DE SEGURETAT<\/strong><\/p><p>Nom empresa ha adoptat totes les mesures necess\u00e0ries per garantir la seguretat i integritat de les vostres dades personals i evitar la seva p\u00e8rdua, alteraci\u00f3 o acc\u00e9s no autoritzat per tercers.<\/p><p>Per a m\u00e9s informaci\u00f3, podeu consultar les nostres p\u00e0gines d\u2019Av\u00eds Legal i Pol\u00edtica de Galetes.<\/p>\t\t\t\t\t\t\t\t<\/div>\n\t\t\t\t<\/div>\n\t\t\t\t\t<\/div>\n\t\t\t\t<\/div>\n\t\t\t\t<\/div>\n\t\t","protected":false},"excerpt":{"rendered":"<p>POL\u00cdTICA DE PRIVADESA Si sou aqu\u00ed \u00e9s perqu\u00e8 voleu saber m\u00e9s sobre les obligacions i drets que us corresponen com a usuari d\u2019aquest web i aix\u00f2 est\u00e0 molt b\u00e9. El nostre deure \u00e9s informar-vos i el vostre estar degudament informat. En aquesta Pol\u00edtica de Privadesa us informarem amb total transpar\u00e8ncia sobre la finalitat d\u2019aquest lloc [&hellip;]<\/p>\n","protected":false},"author":2,"featured_media":0,"parent":0,"menu_order":0,"comment_status":"closed","ping_status":"open","template":"elementor_header_footer","meta":{"_acf_changed":false,"inline_featured_image":false,"_joinchat":[],"footnotes":""},"class_list":["post-1882","page","type-page","status-publish","hentry"],"acf":[],"yoast_head":"<!-- This site is optimized with the Yoast SEO plugin v27.4 - https:\/\/yoast.com\/product\/yoast-seo-wordpress\/ -->\n<title>\u25b7Pol\u00edtica de privadesa - \u3010 kineosteo \u3011<\/title>\n<meta name=\"description\" content=\"POL\u00cdTICA DE PRIVADESASi sou aqu\u00ed \u00e9s perqu\u00e8 voleu saber m\u00e9s sobre les obligacions i drets que us corresponen com a usuari d&#039;aquest web i aix\u00f2 est\u00e0 molt b\u00e9. \u2713\" \/>\n<meta name=\"robots\" content=\"noindex, nofollow\" \/>\n<meta property=\"og:locale\" content=\"ca_ES\" \/>\n<meta property=\"og:type\" content=\"article\" \/>\n<meta property=\"og:title\" content=\"\u25b7Pol\u00edtica de privadesa - \u3010 kineosteo \u3011\" \/>\n<meta property=\"og:description\" content=\"POL\u00cdTICA DE PRIVADESASi sou aqu\u00ed \u00e9s perqu\u00e8 voleu saber m\u00e9s sobre les obligacions i drets que us corresponen com a usuari d&#039;aquest web i aix\u00f2 est\u00e0 molt b\u00e9. \u2713\" \/>\n<meta property=\"og:url\" content=\"https:\/\/kineosteo.es\/ca\/politica-de-privadesa\/\" \/>\n<meta property=\"og:site_name\" content=\"kineosteo\" \/>\n<meta property=\"article:modified_time\" content=\"2026-02-17T09:19:58+00:00\" \/>\n<meta name=\"twitter:card\" content=\"summary_large_image\" \/>\n<meta name=\"twitter:label1\" content=\"Temps estimat de lectura\" \/>\n\t<meta name=\"twitter:data1\" content=\"5 minuts\" \/>\n<script type=\"application\/ld+json\" class=\"yoast-schema-graph\">{\"@context\":\"https:\\\/\\\/schema.org\",\"@graph\":[{\"@type\":\"WebPage\",\"@id\":\"https:\\\/\\\/kineosteo.es\\\/ca\\\/politica-de-privadesa\\\/\",\"url\":\"https:\\\/\\\/kineosteo.es\\\/ca\\\/politica-de-privadesa\\\/\",\"name\":\"\u25b7Pol\u00edtica de privadesa - \u3010 kineosteo \u3011\",\"isPartOf\":{\"@id\":\"https:\\\/\\\/kineosteo.es\\\/ca\\\/#website\"},\"datePublished\":\"2021-10-14T13:46:36+00:00\",\"dateModified\":\"2026-02-17T09:19:58+00:00\",\"description\":\"POL\u00cdTICA DE PRIVADESASi sou aqu\u00ed \u00e9s perqu\u00e8 voleu saber m\u00e9s sobre les obligacions i drets que us corresponen com a usuari d'aquest web i aix\u00f2 est\u00e0 molt b\u00e9. \u2713\",\"breadcrumb\":{\"@id\":\"https:\\\/\\\/kineosteo.es\\\/ca\\\/politica-de-privadesa\\\/#breadcrumb\"},\"inLanguage\":\"ca\",\"potentialAction\":[{\"@type\":\"ReadAction\",\"target\":[\"https:\\\/\\\/kineosteo.es\\\/ca\\\/politica-de-privadesa\\\/\"]}]},{\"@type\":\"BreadcrumbList\",\"@id\":\"https:\\\/\\\/kineosteo.es\\\/ca\\\/politica-de-privadesa\\\/#breadcrumb\",\"itemListElement\":[{\"@type\":\"ListItem\",\"position\":1,\"name\":\"Portada\",\"item\":\"https:\\\/\\\/kineosteo.es\\\/ca\\\/\"},{\"@type\":\"ListItem\",\"position\":2,\"name\":\"Pol\u00edtica de privadesa\"}]},{\"@type\":\"WebSite\",\"@id\":\"https:\\\/\\\/kineosteo.es\\\/ca\\\/#website\",\"url\":\"https:\\\/\\\/kineosteo.es\\\/ca\\\/\",\"name\":\"kineosteo\",\"description\":\"Fisioter\u00e0pia, Osteopatia i Readaptaci\u00f3 Esportiva\",\"publisher\":{\"@id\":\"https:\\\/\\\/kineosteo.es\\\/ca\\\/#organization\"},\"potentialAction\":[{\"@type\":\"SearchAction\",\"target\":{\"@type\":\"EntryPoint\",\"urlTemplate\":\"https:\\\/\\\/kineosteo.es\\\/ca\\\/?s={search_term_string}\"},\"query-input\":{\"@type\":\"PropertyValueSpecification\",\"valueRequired\":true,\"valueName\":\"search_term_string\"}}],\"inLanguage\":\"ca\"},{\"@type\":\"Organization\",\"@id\":\"https:\\\/\\\/kineosteo.es\\\/ca\\\/#organization\",\"name\":\"kineosteo\",\"url\":\"https:\\\/\\\/kineosteo.es\\\/ca\\\/\",\"logo\":{\"@type\":\"ImageObject\",\"inLanguage\":\"ca\",\"@id\":\"https:\\\/\\\/kineosteo.es\\\/ca\\\/#\\\/schema\\\/logo\\\/image\\\/\",\"url\":\"https:\\\/\\\/kineosteo.es\\\/wp-content\\\/uploads\\\/2026\\\/01\\\/logo-blanco-2-1.svg\",\"contentUrl\":\"https:\\\/\\\/kineosteo.es\\\/wp-content\\\/uploads\\\/2026\\\/01\\\/logo-blanco-2-1.svg\",\"width\":300,\"height\":54,\"caption\":\"kineosteo\"},\"image\":{\"@id\":\"https:\\\/\\\/kineosteo.es\\\/ca\\\/#\\\/schema\\\/logo\\\/image\\\/\"}}]}<\/script>\n<!-- \/ Yoast SEO plugin. -->","yoast_head_json":{"title":"\u25b7Pol\u00edtica de privadesa - \u3010 kineosteo \u3011","description":"POL\u00cdTICA DE PRIVADESASi sou aqu\u00ed \u00e9s perqu\u00e8 voleu saber m\u00e9s sobre les obligacions i drets que us corresponen com a usuari d'aquest web i aix\u00f2 est\u00e0 molt b\u00e9. \u2713","robots":{"index":"noindex","follow":"nofollow"},"og_locale":"ca_ES","og_type":"article","og_title":"\u25b7Pol\u00edtica de privadesa - \u3010 kineosteo \u3011","og_description":"POL\u00cdTICA DE PRIVADESASi sou aqu\u00ed \u00e9s perqu\u00e8 voleu saber m\u00e9s sobre les obligacions i drets que us corresponen com a usuari d'aquest web i aix\u00f2 est\u00e0 molt b\u00e9. \u2713","og_url":"https:\/\/kineosteo.es\/ca\/politica-de-privadesa\/","og_site_name":"kineosteo","article_modified_time":"2026-02-17T09:19:58+00:00","twitter_card":"summary_large_image","twitter_misc":{"Temps estimat de lectura":"5 minuts"},"schema":{"@context":"https:\/\/schema.org","@graph":[{"@type":"WebPage","@id":"https:\/\/kineosteo.es\/ca\/politica-de-privadesa\/","url":"https:\/\/kineosteo.es\/ca\/politica-de-privadesa\/","name":"\u25b7Pol\u00edtica de privadesa - \u3010 kineosteo \u3011","isPartOf":{"@id":"https:\/\/kineosteo.es\/ca\/#website"},"datePublished":"2021-10-14T13:46:36+00:00","dateModified":"2026-02-17T09:19:58+00:00","description":"POL\u00cdTICA DE PRIVADESASi sou aqu\u00ed \u00e9s perqu\u00e8 voleu saber m\u00e9s sobre les obligacions i drets que us corresponen com a usuari d'aquest web i aix\u00f2 est\u00e0 molt b\u00e9. \u2713","breadcrumb":{"@id":"https:\/\/kineosteo.es\/ca\/politica-de-privadesa\/#breadcrumb"},"inLanguage":"ca","potentialAction":[{"@type":"ReadAction","target":["https:\/\/kineosteo.es\/ca\/politica-de-privadesa\/"]}]},{"@type":"BreadcrumbList","@id":"https:\/\/kineosteo.es\/ca\/politica-de-privadesa\/#breadcrumb","itemListElement":[{"@type":"ListItem","position":1,"name":"Portada","item":"https:\/\/kineosteo.es\/ca\/"},{"@type":"ListItem","position":2,"name":"Pol\u00edtica de privadesa"}]},{"@type":"WebSite","@id":"https:\/\/kineosteo.es\/ca\/#website","url":"https:\/\/kineosteo.es\/ca\/","name":"kineosteo","description":"Fisioter\u00e0pia, Osteopatia i Readaptaci\u00f3 Esportiva","publisher":{"@id":"https:\/\/kineosteo.es\/ca\/#organization"},"potentialAction":[{"@type":"SearchAction","target":{"@type":"EntryPoint","urlTemplate":"https:\/\/kineosteo.es\/ca\/?s={search_term_string}"},"query-input":{"@type":"PropertyValueSpecification","valueRequired":true,"valueName":"search_term_string"}}],"inLanguage":"ca"},{"@type":"Organization","@id":"https:\/\/kineosteo.es\/ca\/#organization","name":"kineosteo","url":"https:\/\/kineosteo.es\/ca\/","logo":{"@type":"ImageObject","inLanguage":"ca","@id":"https:\/\/kineosteo.es\/ca\/#\/schema\/logo\/image\/","url":"https:\/\/kineosteo.es\/wp-content\/uploads\/2026\/01\/logo-blanco-2-1.svg","contentUrl":"https:\/\/kineosteo.es\/wp-content\/uploads\/2026\/01\/logo-blanco-2-1.svg","width":300,"height":54,"caption":"kineosteo"},"image":{"@id":"https:\/\/kineosteo.es\/ca\/#\/schema\/logo\/image\/"}}]}},"_links":{"self":[{"href":"https:\/\/kineosteo.es\/ca\/wp-json\/wp\/v2\/pages\/1882","targetHints":{"allow":["GET"]}}],"collection":[{"href":"https:\/\/kineosteo.es\/ca\/wp-json\/wp\/v2\/pages"}],"about":[{"href":"https:\/\/kineosteo.es\/ca\/wp-json\/wp\/v2\/types\/page"}],"author":[{"embeddable":true,"href":"https:\/\/kineosteo.es\/ca\/wp-json\/wp\/v2\/users\/2"}],"replies":[{"embeddable":true,"href":"https:\/\/kineosteo.es\/ca\/wp-json\/wp\/v2\/comments?post=1882"}],"version-history":[{"count":1,"href":"https:\/\/kineosteo.es\/ca\/wp-json\/wp\/v2\/pages\/1882\/revisions"}],"predecessor-version":[{"id":1883,"href":"https:\/\/kineosteo.es\/ca\/wp-json\/wp\/v2\/pages\/1882\/revisions\/1883"}],"wp:attachment":[{"href":"https:\/\/kineosteo.es\/ca\/wp-json\/wp\/v2\/media?parent=1882"}],"curies":[{"name":"wp","href":"https:\/\/api.w.org\/{rel}","templated":true}]}}